{"id":134,"date":"2025-02-15T19:18:24","date_gmt":"2025-02-15T18:18:24","guid":{"rendered":"https:\/\/mrgspzoo.pl\/?page_id=134"},"modified":"2025-03-13T14:43:56","modified_gmt":"2025-03-13T13:43:56","slug":"wynajem-sprzetu","status":"publish","type":"page","link":"https:\/\/mrgspzoo.pl\/?page_id=134","title":{"rendered":"WYNAJEM SPRZ\u0118TU"},"content":{"rendered":"\n<table id=\"tablepress-1\" class=\"tablepress tablepress-id-1\">\n<thead>\n<tr class=\"row-1\">\n\t<th class=\"column-1\">KOPARKI G\u0104SIENICOWE<\/th><th class=\"column-2\">POJEMNO\u015a\u0106 \u0141Y\u017bKI m3<\/th>\n<\/tr>\n<\/thead>\n<tbody class=\"row-striping row-hover\">\n<tr class=\"row-2\">\n\t<td class=\"column-1\">Caterpillar 330<\/td><td class=\"column-2\">2,2<\/td>\n<\/tr>\n<tr class=\"row-3\">\n\t<td class=\"column-1\">Liebherr 944<\/td><td class=\"column-2\">2,2<\/td>\n<\/tr>\n<tr class=\"row-4\">\n\t<td class=\"column-1\">Caterpillar 324E<\/td><td class=\"column-2\">1,8<\/td>\n<\/tr>\n<tr class=\"row-5\">\n\t<td class=\"column-1\">Caterpillar 324 EL<\/td><td class=\"column-2\">1,8<\/td>\n<\/tr>\n<tr class=\"row-6\">\n\t<td class=\"column-1\">Caterpillar 320EL<\/td><td class=\"column-2\">1,5<\/td>\n<\/tr>\n<tr class=\"row-7\">\n\t<td class=\"column-1\">Caterpillar 320E<\/td><td class=\"column-2\">1,5<\/td>\n<\/tr>\n<tr class=\"row-8\">\n\t<td class=\"column-1\">Liebherr 914<\/td><td class=\"column-2\">1,5<\/td>\n<\/tr>\n<tr class=\"row-9\">\n\t<td class=\"column-1\">Doosan DX255 LC<\/td><td class=\"column-2\">1,6<\/td>\n<\/tr>\n<tr class=\"row-10\">\n\t<td class=\"column-1\">Hitachi<\/td><td class=\"column-2\">0,6<\/td>\n<\/tr>\n<\/tbody>\n<\/table>\n<!-- #tablepress-1 from cache -->\n\n\n<table id=\"tablepress-2\" class=\"tablepress tablepress-id-2\">\n<thead>\n<tr class=\"row-1\">\n\t<th class=\"column-1\">KOPARKI KO\u0141OWE<\/th><th class=\"column-2\">POJEMNO\u015a\u0106 \u0141Y\u017bKI m3<\/th>\n<\/tr>\n<\/thead>\n<tbody class=\"row-striping row-hover\">\n<tr class=\"row-2\">\n\t<td class=\"column-1\">Caterpillar M315D<\/td><td class=\"column-2\">1<\/td>\n<\/tr>\n<tr class=\"row-3\">\n\t<td class=\"column-1\">Liebherr LITRONIC A902<\/td><td class=\"column-2\">1<\/td>\n<\/tr>\n<tr class=\"row-4\">\n\t<td class=\"column-1\">Liebherr 904<\/td><td class=\"column-2\">1<\/td>\n<\/tr>\n<tr class=\"row-5\">\n\t<td class=\"column-1\">Doosan DX170 LC<\/td><td class=\"column-2\">1<\/td>\n<\/tr>\n<\/tbody>\n<\/table>\n<!-- #tablepress-2 from cache -->\n\n\n<table id=\"tablepress-4\" class=\"tablepress tablepress-id-4\">\n<thead>\n<tr class=\"row-1\">\n\t<th class=\"column-1\">\u0141ADOWARKI KO\u0141OWE<\/th><th class=\"column-2\">POJEMNO\u015a\u0106 \u0141Y\u017bKI m3<\/th>\n<\/tr>\n<\/thead>\n<tbody class=\"row-striping row-hover\">\n<tr class=\"row-2\">\n\t<td class=\"column-1\">Liebherr 564<\/td><td class=\"column-2\">4,5<\/td>\n<\/tr>\n<tr class=\"row-3\">\n\t<td class=\"column-1\">Volvo L180E<\/td><td class=\"column-2\">4,5<\/td>\n<\/tr>\n<tr class=\"row-4\">\n\t<td class=\"column-1\">Volvo L150<\/td><td class=\"column-2\">3,5<\/td>\n<\/tr>\n<tr class=\"row-5\">\n\t<td class=\"column-1\">Volvo L120B<\/td><td class=\"column-2\">3<\/td>\n<\/tr>\n<tr class=\"row-6\">\n\t<td class=\"column-1\">Volvo L30B PRO<\/td><td class=\"column-2\">0,8<\/td>\n<\/tr>\n<\/tbody>\n<\/table>\n<!-- #tablepress-4 from cache -->\n\n\n<table id=\"tablepress-5\" class=\"tablepress tablepress-id-5\">\n<thead>\n<tr class=\"row-1\">\n\t<th class=\"column-1\">SPYCHARKI<\/th><th class=\"column-2\">SYSTEM<\/th>\n<\/tr>\n<\/thead>\n<tbody class=\"row-striping row-hover\">\n<tr class=\"row-2\">\n\t<td class=\"column-1\">Komatsu D61<\/td><td class=\"column-2\">3D<\/td>\n<\/tr>\n<\/tbody>\n<\/table>\n<!-- #tablepress-5 from cache -->\n\n\n<table id=\"tablepress-6\" class=\"tablepress tablepress-id-6\">\n<thead>\n<tr class=\"row-1\">\n\t<th class=\"column-1\">WOZID\u0141A<\/th><th class=\"column-2\">POJEMNO\u015a\u0106 m3<\/th>\n<\/tr>\n<\/thead>\n<tbody class=\"row-striping row-hover\">\n<tr class=\"row-2\">\n\t<td class=\"column-1\">Volvo A30E<\/td><td class=\"column-2\">18<\/td>\n<\/tr>\n<tr class=\"row-3\">\n\t<td class=\"column-1\">Volvo 30E<\/td><td class=\"column-2\">18<\/td>\n<\/tr>\n<\/tbody>\n<\/table>\n<!-- #tablepress-6 from cache -->\n\n\n<table id=\"tablepress-7\" class=\"tablepress tablepress-id-7\">\n<thead>\n<tr class=\"row-1\">\n\t<th class=\"column-1\">WALCE<\/th><th class=\"column-2\">CIE\u017bAR W TONACH<\/th>\n<\/tr>\n<\/thead>\n<tbody class=\"row-striping row-hover\">\n<tr class=\"row-2\">\n\t<td class=\"column-1\">Bomag<\/td><td class=\"column-2\">15<\/td>\n<\/tr>\n<tr class=\"row-3\">\n\t<td class=\"column-1\">Bomag BW213<\/td><td class=\"column-2\">15<\/td>\n<\/tr>\n<tr class=\"row-4\">\n\t<td class=\"column-1\">Hamm (Ko\u0142ek)<\/td><td class=\"column-2\">10<\/td>\n<\/tr>\n<\/tbody>\n<\/table>\n<!-- #tablepress-7 from cache -->\n\n\n<table id=\"tablepress-8\" class=\"tablepress tablepress-id-8\">\n<thead>\n<tr class=\"row-1\">\n\t<th class=\"column-1\">KOPARKO-\u0141ADOWARKI<\/th><th class=\"column-2\">ID<\/th>\n<\/tr>\n<\/thead>\n<tbody class=\"row-striping row-hover\">\n<tr class=\"row-2\">\n\t<td class=\"column-1\">Cat 432E<\/td><td class=\"column-2\">Z m\u0142otem<\/td>\n<\/tr>\n<\/tbody>\n<\/table>\n<!-- #tablepress-8 from cache -->\n\n\n<table id=\"tablepress-9\" class=\"tablepress tablepress-id-9\">\n<thead>\n<tr class=\"row-1\">\n\t<th class=\"column-1\">RECYKLERY<\/th><th class=\"column-2\">ID<\/th>\n<\/tr>\n<\/thead>\n<tbody class=\"row-striping row-hover\">\n<tr class=\"row-2\">\n\t<td class=\"column-1\">Fendt 936<\/td><td class=\"column-2\">ci\u0105gnik rolniczy + recykler do 50 cm<\/td>\n<\/tr>\n<\/tbody>\n<\/table>\n<!-- #tablepress-9 from cache -->\n\n\n<table id=\"tablepress-10\" class=\"tablepress tablepress-id-10\">\n<thead>\n<tr class=\"row-1\">\n\t<th class=\"column-1\">KRUSZARKI<\/th><th class=\"column-2\">CI\u0118\u017bAR W TONACH<\/th>\n<\/tr>\n<\/thead>\n<tbody class=\"row-striping row-hover\">\n<tr class=\"row-2\">\n\t<td class=\"column-1\">Kruszarka szcz\u0119kowa Extec C-12<\/td><td class=\"column-2\">54<\/td>\n<\/tr>\n<tr class=\"row-3\">\n\t<td class=\"column-1\">Kruszarka szcz\u0119kowa <\/td><td class=\"column-2\">45<\/td>\n<\/tr>\n<\/tbody>\n<\/table>\n<!-- #tablepress-10 from cache -->\n\n\n<table id=\"tablepress-11\" class=\"tablepress tablepress-id-11\">\n<thead>\n<tr class=\"row-1\">\n\t<th class=\"column-1\">ZAG\u0118SZCZARKI<\/th>\n<\/tr>\n<\/thead>\n<tbody class=\"row-striping row-hover\">\n<tr class=\"row-2\">\n\t<td class=\"column-1\">Wacker Neuson DPU 6555 HECH<\/td>\n<\/tr>\n<tr class=\"row-3\">\n\t<td class=\"column-1\">Wacker Neuson DPU 45YEH<\/td>\n<\/tr>\n<\/tbody>\n<\/table>\n<!-- #tablepress-11 from cache -->","protected":false},"excerpt":{"rendered":"","protected":false},"author":1,"featured_media":0,"parent":0,"menu_order":0,"comment_status":"closed","ping_status":"closed","template":"","meta":{"footnotes":""},"class_list":["post-134","page","type-page","status-publish","hentry"],"yoast_head":"<!-- This site is optimized with the Yoast SEO plugin v24.4 - https:\/\/yoast.com\/wordpress\/plugins\/seo\/ -->\n<title>WYNAJEM SPRZ\u0118TU - MRG Sp. z.o.o - Pomorskie Us\u0142ugi Budowlane<\/title>\n<meta name=\"robots\" content=\"index, follow, max-snippet:-1, max-image-preview:large, max-video-preview:-1\" \/>\n<link rel=\"canonical\" href=\"https:\/\/mrgspzoo.pl\/?page_id=134\" \/>\n<meta property=\"og:locale\" content=\"pl_PL\" \/>\n<meta property=\"og:type\" content=\"article\" \/>\n<meta property=\"og:title\" content=\"WYNAJEM SPRZ\u0118TU - MRG Sp. z.o.o - Pomorskie Us\u0142ugi Budowlane\" \/>\n<meta property=\"og:url\" content=\"https:\/\/mrgspzoo.pl\/?page_id=134\" \/>\n<meta property=\"og:site_name\" content=\"MRG Sp. z.o.o - Pomorskie Us\u0142ugi Budowlane\" \/>\n<meta property=\"article:modified_time\" content=\"2025-03-13T13:43:56+00:00\" \/>\n<meta name=\"twitter:card\" content=\"summary_large_image\" \/>\n<meta name=\"twitter:label1\" content=\"Szacowany czas czytania\" \/>\n\t<meta name=\"twitter:data1\" content=\"1 minuta\" \/>\n<script type=\"application\/ld+json\" class=\"yoast-schema-graph\">{\"@context\":\"https:\/\/schema.org\",\"@graph\":[{\"@type\":\"WebPage\",\"@id\":\"https:\/\/mrgspzoo.pl\/?page_id=134\",\"url\":\"https:\/\/mrgspzoo.pl\/?page_id=134\",\"name\":\"WYNAJEM SPRZ\u0118TU - MRG Sp. z.o.o - Pomorskie Us\u0142ugi Budowlane\",\"isPartOf\":{\"@id\":\"https:\/\/mrgspzoo.pl\/#website\"},\"datePublished\":\"2025-02-15T18:18:24+00:00\",\"dateModified\":\"2025-03-13T13:43:56+00:00\",\"breadcrumb\":{\"@id\":\"https:\/\/mrgspzoo.pl\/?page_id=134#breadcrumb\"},\"inLanguage\":\"pl-PL\",\"potentialAction\":[{\"@type\":\"ReadAction\",\"target\":[\"https:\/\/mrgspzoo.pl\/?page_id=134\"]}]},{\"@type\":\"BreadcrumbList\",\"@id\":\"https:\/\/mrgspzoo.pl\/?page_id=134#breadcrumb\",\"itemListElement\":[{\"@type\":\"ListItem\",\"position\":1,\"name\":\"Home\",\"item\":\"https:\/\/mrgspzoo.pl\/\"},{\"@type\":\"ListItem\",\"position\":2,\"name\":\"WYNAJEM SPRZ\u0118TU\"}]},{\"@type\":\"WebSite\",\"@id\":\"https:\/\/mrgspzoo.pl\/#website\",\"url\":\"https:\/\/mrgspzoo.pl\/\",\"name\":\"MRG Sp. z.o.o - Pomorskie Us\u0142ugi Budowlane\",\"description\":\"Roboty ziemne, Stabilizacja gruntu, Zag\u0119szczanie dynamiczne i impulsowe, Transport materia\u0142\u00f3w sypkich, Wynajem sprz\u0119tu: wywrotki, koparki, \u0142adowarki, spycharki, wozid\u0142a, walce, recyklery, siewki do cementu, walce dynamiczne RDC, urz\u0105dzenie do zag\u0119szczania impulsowego.\",\"potentialAction\":[{\"@type\":\"SearchAction\",\"target\":{\"@type\":\"EntryPoint\",\"urlTemplate\":\"https:\/\/mrgspzoo.pl\/?s={search_term_string}\"},\"query-input\":{\"@type\":\"PropertyValueSpecification\",\"valueRequired\":true,\"valueName\":\"search_term_string\"}}],\"inLanguage\":\"pl-PL\"}]}<\/script>\n<!-- \/ Yoast SEO plugin. -->","yoast_head_json":{"title":"WYNAJEM SPRZ\u0118TU - MRG Sp. z.o.o - Pomorskie Us\u0142ugi Budowlane","robots":{"index":"index","follow":"follow","max-snippet":"max-snippet:-1","max-image-preview":"max-image-preview:large","max-video-preview":"max-video-preview:-1"},"canonical":"https:\/\/mrgspzoo.pl\/?page_id=134","og_locale":"pl_PL","og_type":"article","og_title":"WYNAJEM SPRZ\u0118TU - MRG Sp. z.o.o - Pomorskie Us\u0142ugi Budowlane","og_url":"https:\/\/mrgspzoo.pl\/?page_id=134","og_site_name":"MRG Sp. z.o.o - Pomorskie Us\u0142ugi Budowlane","article_modified_time":"2025-03-13T13:43:56+00:00","twitter_card":"summary_large_image","twitter_misc":{"Szacowany czas czytania":"1 minuta"},"schema":{"@context":"https:\/\/schema.org","@graph":[{"@type":"WebPage","@id":"https:\/\/mrgspzoo.pl\/?page_id=134","url":"https:\/\/mrgspzoo.pl\/?page_id=134","name":"WYNAJEM SPRZ\u0118TU - MRG Sp. z.o.o - Pomorskie Us\u0142ugi Budowlane","isPartOf":{"@id":"https:\/\/mrgspzoo.pl\/#website"},"datePublished":"2025-02-15T18:18:24+00:00","dateModified":"2025-03-13T13:43:56+00:00","breadcrumb":{"@id":"https:\/\/mrgspzoo.pl\/?page_id=134#breadcrumb"},"inLanguage":"pl-PL","potentialAction":[{"@type":"ReadAction","target":["https:\/\/mrgspzoo.pl\/?page_id=134"]}]},{"@type":"BreadcrumbList","@id":"https:\/\/mrgspzoo.pl\/?page_id=134#breadcrumb","itemListElement":[{"@type":"ListItem","position":1,"name":"Home","item":"https:\/\/mrgspzoo.pl\/"},{"@type":"ListItem","position":2,"name":"WYNAJEM SPRZ\u0118TU"}]},{"@type":"WebSite","@id":"https:\/\/mrgspzoo.pl\/#website","url":"https:\/\/mrgspzoo.pl\/","name":"MRG Sp. z.o.o - Pomorskie Us\u0142ugi Budowlane","description":"Roboty ziemne, Stabilizacja gruntu, Zag\u0119szczanie dynamiczne i impulsowe, Transport materia\u0142\u00f3w sypkich, Wynajem sprz\u0119tu: wywrotki, koparki, \u0142adowarki, spycharki, wozid\u0142a, walce, recyklery, siewki do cementu, walce dynamiczne RDC, urz\u0105dzenie do zag\u0119szczania impulsowego.","potentialAction":[{"@type":"SearchAction","target":{"@type":"EntryPoint","urlTemplate":"https:\/\/mrgspzoo.pl\/?s={search_term_string}"},"query-input":{"@type":"PropertyValueSpecification","valueRequired":true,"valueName":"search_term_string"}}],"inLanguage":"pl-PL"}]}},"_links":{"self":[{"href":"https:\/\/mrgspzoo.pl\/index.php?rest_route=\/wp\/v2\/pages\/134","targetHints":{"allow":["GET"]}}],"collection":[{"href":"https:\/\/mrgspzoo.pl\/index.php?rest_route=\/wp\/v2\/pages"}],"about":[{"href":"https:\/\/mrgspzoo.pl\/index.php?rest_route=\/wp\/v2\/types\/page"}],"author":[{"embeddable":true,"href":"https:\/\/mrgspzoo.pl\/index.php?rest_route=\/wp\/v2\/users\/1"}],"replies":[{"embeddable":true,"href":"https:\/\/mrgspzoo.pl\/index.php?rest_route=%2Fwp%2Fv2%2Fcomments&post=134"}],"version-history":[{"count":19,"href":"https:\/\/mrgspzoo.pl\/index.php?rest_route=\/wp\/v2\/pages\/134\/revisions"}],"predecessor-version":[{"id":260,"href":"https:\/\/mrgspzoo.pl\/index.php?rest_route=\/wp\/v2\/pages\/134\/revisions\/260"}],"wp:attachment":[{"href":"https:\/\/mrgspzoo.pl\/index.php?rest_route=%2Fwp%2Fv2%2Fmedia&parent=134"}],"curies":[{"name":"wp","href":"https:\/\/api.w.org\/{rel}","templated":true}]}}