{"id":48,"date":"2025-02-11T21:01:51","date_gmt":"2025-02-11T20:01:51","guid":{"rendered":"https:\/\/mrgspzoo.pl\/?page_id=48"},"modified":"2025-02-15T19:27:02","modified_gmt":"2025-02-15T18:27:02","slug":"o-nas","status":"publish","type":"page","link":"https:\/\/mrgspzoo.pl\/?page_id=48","title":{"rendered":"O NAS"},"content":{"rendered":"\n<p><\/p>\n\n\n\n<p class=\"has-extra-small-font-size\">MRG Sp. z o.o. to firma rodzinna z niemal 30-letnim do\u015bwiadczeniem, specjalizuj\u0105ca si\u0119 w kompleksowych robotach ziemnych. Dzia\u0142amy g\u0142\u00f3wnie na terenie wojew\u00f3dztwa pomorskiego, realizuj\u0105c zar\u00f3wno du\u017ce inwestycje infrastrukturalne, jak i mniejsze projekty budowlane.<\/p>\n\n\n\n<p class=\"has-extra-small-font-size\">Naszym najwi\u0119kszym atutem jest elastyczno\u015b\u0107 i indywidualne podej\u015bcie do ka\u017cdego klienta. Wierzymy, \u017ce nie ma rzeczy niemo\u017cliwych \u2013 ka\u017cde zlecenie traktujemy jako wyzwanie, kt\u00f3re realizujemy z pe\u0142nym zaanga\u017cowaniem i precyzj\u0105.<\/p>\n\n\n\n<p class=\"has-extra-small-font-size\">Dzi\u0119ki wieloletniemu do\u015bwiadczeniu, wykwalifikowanej kadrze i innowacyjnemu sprz\u0119towi mo\u017cemy zagwarantowa\u0107 najwy\u017csz\u0105 jako\u015b\u0107 us\u0142ug oraz terminowo\u015b\u0107 realizacji.<\/p>\n\n\n\n<p class=\"has-extra-small-font-size\">MRG Sp. z o.o. \u2013 budujemy solidne fundamenty pod ka\u017cd\u0105 inwestycj\u0119!<\/p>\n\n\n\n<p><br><\/br><\/p>\n","protected":false},"excerpt":{"rendered":"<p>MRG Sp. z o.o. to firma rodzinna z niemal 30-letnim do\u015bwiadczeniem, specjalizuj\u0105ca si\u0119 w kompleksowych robotach ziemnych. Dzia\u0142amy g\u0142\u00f3wnie na terenie wojew\u00f3dztwa pomorskiego, realizuj\u0105c zar\u00f3wno du\u017ce inwestycje infrastrukturalne, jak i mniejsze projekty budowlane. Naszym najwi\u0119kszym atutem jest elastyczno\u015b\u0107 i indywidualne podej\u015bcie do ka\u017cdego klienta. Wierzymy, \u017ce nie ma rzeczy niemo\u017cliwych \u2013 ka\u017cde zlecenie traktujemy jako [&hellip;]<\/p>\n","protected":false},"author":1,"featured_media":0,"parent":0,"menu_order":0,"comment_status":"closed","ping_status":"closed","template":"","meta":{"footnotes":""},"class_list":["post-48","page","type-page","status-publish","hentry"],"yoast_head":"<!-- This site is optimized with the Yoast SEO plugin v24.4 - https:\/\/yoast.com\/wordpress\/plugins\/seo\/ -->\n<title>O NAS - MRG Sp. z.o.o - Pomorskie Us\u0142ugi Budowlane<\/title>\n<meta name=\"robots\" content=\"index, follow, max-snippet:-1, max-image-preview:large, max-video-preview:-1\" \/>\n<link rel=\"canonical\" href=\"https:\/\/mrgspzoo.pl\/?page_id=48\" \/>\n<meta property=\"og:locale\" content=\"pl_PL\" \/>\n<meta property=\"og:type\" content=\"article\" \/>\n<meta property=\"og:title\" content=\"O NAS - MRG Sp. z.o.o - Pomorskie Us\u0142ugi Budowlane\" \/>\n<meta property=\"og:description\" content=\"MRG Sp. z o.o. to firma rodzinna z niemal 30-letnim do\u015bwiadczeniem, specjalizuj\u0105ca si\u0119 w kompleksowych robotach ziemnych. Dzia\u0142amy g\u0142\u00f3wnie na terenie wojew\u00f3dztwa pomorskiego, realizuj\u0105c zar\u00f3wno du\u017ce inwestycje infrastrukturalne, jak i mniejsze projekty budowlane. Naszym najwi\u0119kszym atutem jest elastyczno\u015b\u0107 i indywidualne podej\u015bcie do ka\u017cdego klienta. Wierzymy, \u017ce nie ma rzeczy niemo\u017cliwych \u2013 ka\u017cde zlecenie traktujemy jako [&hellip;]\" \/>\n<meta property=\"og:url\" content=\"https:\/\/mrgspzoo.pl\/?page_id=48\" \/>\n<meta property=\"og:site_name\" content=\"MRG Sp. z.o.o - Pomorskie Us\u0142ugi Budowlane\" \/>\n<meta property=\"article:modified_time\" content=\"2025-02-15T18:27:02+00:00\" \/>\n<meta name=\"twitter:card\" content=\"summary_large_image\" \/>\n<meta name=\"twitter:label1\" content=\"Szacowany czas czytania\" \/>\n\t<meta name=\"twitter:data1\" content=\"1 minuta\" \/>\n<script type=\"application\/ld+json\" class=\"yoast-schema-graph\">{\"@context\":\"https:\/\/schema.org\",\"@graph\":[{\"@type\":\"WebPage\",\"@id\":\"https:\/\/mrgspzoo.pl\/?page_id=48\",\"url\":\"https:\/\/mrgspzoo.pl\/?page_id=48\",\"name\":\"O NAS - MRG Sp. z.o.o - Pomorskie Us\u0142ugi Budowlane\",\"isPartOf\":{\"@id\":\"https:\/\/mrgspzoo.pl\/#website\"},\"datePublished\":\"2025-02-11T20:01:51+00:00\",\"dateModified\":\"2025-02-15T18:27:02+00:00\",\"breadcrumb\":{\"@id\":\"https:\/\/mrgspzoo.pl\/?page_id=48#breadcrumb\"},\"inLanguage\":\"pl-PL\",\"potentialAction\":[{\"@type\":\"ReadAction\",\"target\":[\"https:\/\/mrgspzoo.pl\/?page_id=48\"]}]},{\"@type\":\"BreadcrumbList\",\"@id\":\"https:\/\/mrgspzoo.pl\/?page_id=48#breadcrumb\",\"itemListElement\":[{\"@type\":\"ListItem\",\"position\":1,\"name\":\"Home\",\"item\":\"https:\/\/mrgspzoo.pl\/\"},{\"@type\":\"ListItem\",\"position\":2,\"name\":\"O NAS\"}]},{\"@type\":\"WebSite\",\"@id\":\"https:\/\/mrgspzoo.pl\/#website\",\"url\":\"https:\/\/mrgspzoo.pl\/\",\"name\":\"MRG Sp. z.o.o - Pomorskie Us\u0142ugi Budowlane\",\"description\":\"Roboty ziemne, Stabilizacja gruntu, Zag\u0119szczanie dynamiczne i impulsowe, Transport materia\u0142\u00f3w sypkich, Wynajem sprz\u0119tu: wywrotki, koparki, \u0142adowarki, spycharki, wozid\u0142a, walce, recyklery, siewki do cementu, walce dynamiczne RDC, urz\u0105dzenie do zag\u0119szczania impulsowego.\",\"potentialAction\":[{\"@type\":\"SearchAction\",\"target\":{\"@type\":\"EntryPoint\",\"urlTemplate\":\"https:\/\/mrgspzoo.pl\/?s={search_term_string}\"},\"query-input\":{\"@type\":\"PropertyValueSpecification\",\"valueRequired\":true,\"valueName\":\"search_term_string\"}}],\"inLanguage\":\"pl-PL\"}]}<\/script>\n<!-- \/ Yoast SEO plugin. -->","yoast_head_json":{"title":"O NAS - MRG Sp. z.o.o - Pomorskie Us\u0142ugi Budowlane","robots":{"index":"index","follow":"follow","max-snippet":"max-snippet:-1","max-image-preview":"max-image-preview:large","max-video-preview":"max-video-preview:-1"},"canonical":"https:\/\/mrgspzoo.pl\/?page_id=48","og_locale":"pl_PL","og_type":"article","og_title":"O NAS - MRG Sp. z.o.o - Pomorskie Us\u0142ugi Budowlane","og_description":"MRG Sp. z o.o. to firma rodzinna z niemal 30-letnim do\u015bwiadczeniem, specjalizuj\u0105ca si\u0119 w kompleksowych robotach ziemnych. Dzia\u0142amy g\u0142\u00f3wnie na terenie wojew\u00f3dztwa pomorskiego, realizuj\u0105c zar\u00f3wno du\u017ce inwestycje infrastrukturalne, jak i mniejsze projekty budowlane. Naszym najwi\u0119kszym atutem jest elastyczno\u015b\u0107 i indywidualne podej\u015bcie do ka\u017cdego klienta. Wierzymy, \u017ce nie ma rzeczy niemo\u017cliwych \u2013 ka\u017cde zlecenie traktujemy jako [&hellip;]","og_url":"https:\/\/mrgspzoo.pl\/?page_id=48","og_site_name":"MRG Sp. z.o.o - Pomorskie Us\u0142ugi Budowlane","article_modified_time":"2025-02-15T18:27:02+00:00","twitter_card":"summary_large_image","twitter_misc":{"Szacowany czas czytania":"1 minuta"},"schema":{"@context":"https:\/\/schema.org","@graph":[{"@type":"WebPage","@id":"https:\/\/mrgspzoo.pl\/?page_id=48","url":"https:\/\/mrgspzoo.pl\/?page_id=48","name":"O NAS - MRG Sp. z.o.o - Pomorskie Us\u0142ugi Budowlane","isPartOf":{"@id":"https:\/\/mrgspzoo.pl\/#website"},"datePublished":"2025-02-11T20:01:51+00:00","dateModified":"2025-02-15T18:27:02+00:00","breadcrumb":{"@id":"https:\/\/mrgspzoo.pl\/?page_id=48#breadcrumb"},"inLanguage":"pl-PL","potentialAction":[{"@type":"ReadAction","target":["https:\/\/mrgspzoo.pl\/?page_id=48"]}]},{"@type":"BreadcrumbList","@id":"https:\/\/mrgspzoo.pl\/?page_id=48#breadcrumb","itemListElement":[{"@type":"ListItem","position":1,"name":"Home","item":"https:\/\/mrgspzoo.pl\/"},{"@type":"ListItem","position":2,"name":"O NAS"}]},{"@type":"WebSite","@id":"https:\/\/mrgspzoo.pl\/#website","url":"https:\/\/mrgspzoo.pl\/","name":"MRG Sp. z.o.o - Pomorskie Us\u0142ugi Budowlane","description":"Roboty ziemne, Stabilizacja gruntu, Zag\u0119szczanie dynamiczne i impulsowe, Transport materia\u0142\u00f3w sypkich, Wynajem sprz\u0119tu: wywrotki, koparki, \u0142adowarki, spycharki, wozid\u0142a, walce, recyklery, siewki do cementu, walce dynamiczne RDC, urz\u0105dzenie do zag\u0119szczania impulsowego.","potentialAction":[{"@type":"SearchAction","target":{"@type":"EntryPoint","urlTemplate":"https:\/\/mrgspzoo.pl\/?s={search_term_string}"},"query-input":{"@type":"PropertyValueSpecification","valueRequired":true,"valueName":"search_term_string"}}],"inLanguage":"pl-PL"}]}},"_links":{"self":[{"href":"https:\/\/mrgspzoo.pl\/index.php?rest_route=\/wp\/v2\/pages\/48","targetHints":{"allow":["GET"]}}],"collection":[{"href":"https:\/\/mrgspzoo.pl\/index.php?rest_route=\/wp\/v2\/pages"}],"about":[{"href":"https:\/\/mrgspzoo.pl\/index.php?rest_route=\/wp\/v2\/types\/page"}],"author":[{"embeddable":true,"href":"https:\/\/mrgspzoo.pl\/index.php?rest_route=\/wp\/v2\/users\/1"}],"replies":[{"embeddable":true,"href":"https:\/\/mrgspzoo.pl\/index.php?rest_route=%2Fwp%2Fv2%2Fcomments&post=48"}],"version-history":[{"count":8,"href":"https:\/\/mrgspzoo.pl\/index.php?rest_route=\/wp\/v2\/pages\/48\/revisions"}],"predecessor-version":[{"id":140,"href":"https:\/\/mrgspzoo.pl\/index.php?rest_route=\/wp\/v2\/pages\/48\/revisions\/140"}],"wp:attachment":[{"href":"https:\/\/mrgspzoo.pl\/index.php?rest_route=%2Fwp%2Fv2%2Fmedia&parent=48"}],"curies":[{"name":"wp","href":"https:\/\/api.w.org\/{rel}","templated":true}]}}